{"id":2,"date":"2020-06-29T13:47:49","date_gmt":"2020-06-29T13:47:49","guid":{"rendered":"http:\/\/swisspremiumevents.ch\/?page_id=2"},"modified":"2020-07-17T07:00:13","modified_gmt":"2020-07-17T07:00:13","slug":"beispiel-seite","status":"publish","type":"page","link":"https:\/\/swisspremiumevents.ch\/","title":{"rendered":""},"content":{"rendered":"\n<div class=\"wp-block-nextend-smartslider3\"><\/div>\n\n\n\n<p><br>Gerne erfahren wir Ihre genauen Bed\u00fcrfnisse und Anforderungen f\u00fcr Ihren Event in einem pers\u00f6nlichen Gespr\u00e4ch, um Ihnen einen massgeschneiderten Vorschlag zu unterbreiten.<\/p>\n\n\n\n<p>Wir freuen uns darauf, Sie kennen zu lernen.<\/p>\n\n\n\n<p>Marcel Grether und Team<\/p>\n\n\n\n<figure class=\"wp-block-image size-large\"><img loading=\"lazy\" width=\"156\" height=\"109\" src=\"https:\/\/swisspremiumevents.ch\/wp-content\/uploads\/2020\/07\/unterschrift.gif\" alt=\"\" class=\"wp-image-25\"\/><\/figure>\n\n\n\n<p><a id=\"kontakt\"><\/a><\/p>\n\n\n\n<div role=\"form\" class=\"wpcf7\" id=\"wpcf7-f12-o1\" lang=\"de-CH\" dir=\"ltr\">\n<div class=\"screen-reader-response\"><p role=\"status\" aria-live=\"polite\" aria-atomic=\"true\"><\/p> <ul><\/ul><\/div>\n<form action=\"\/index.php\/wp-json\/wp\/v2\/pages\/2#wpcf7-f12-o1\" method=\"post\" class=\"wpcf7-form init\" novalidate=\"novalidate\" data-status=\"init\">\n<div style=\"display: none;\">\n<input type=\"hidden\" name=\"_wpcf7\" value=\"12\" \/>\n<input type=\"hidden\" name=\"_wpcf7_version\" value=\"5.5.4\" \/>\n<input type=\"hidden\" name=\"_wpcf7_locale\" value=\"de_CH\" \/>\n<input type=\"hidden\" name=\"_wpcf7_unit_tag\" value=\"wpcf7-f12-o1\" \/>\n<input type=\"hidden\" name=\"_wpcf7_container_post\" value=\"0\" \/>\n<input type=\"hidden\" name=\"_wpcf7_posted_data_hash\" value=\"\" \/>\n<\/div>\n<p><label> Ihr Name*<br \/>\n    <span class=\"wpcf7-form-control-wrap your-name\"><input type=\"text\" name=\"your-name\" value=\"\" size=\"40\" class=\"wpcf7-form-control wpcf7-text wpcf7-validates-as-required\" aria-required=\"true\" aria-invalid=\"false\" \/><\/span> <\/label><\/p>\n<p><label> Ihre E-Mail*<br \/>\n    <span class=\"wpcf7-form-control-wrap your-email\"><input type=\"email\" name=\"your-email\" value=\"\" size=\"40\" class=\"wpcf7-form-control wpcf7-text wpcf7-email wpcf7-validates-as-required wpcf7-validates-as-email\" aria-required=\"true\" aria-invalid=\"false\" \/><\/span> <\/label><\/p>\n<p><label> Betreff*<br \/>\n    <span class=\"wpcf7-form-control-wrap your-subject\"><input type=\"text\" name=\"your-subject\" value=\"\" size=\"40\" class=\"wpcf7-form-control wpcf7-text wpcf7-validates-as-required\" aria-required=\"true\" aria-invalid=\"false\" \/><\/span> <\/label><\/p>\n<p><label> Ihre Nachricht*<br \/>\n    <span class=\"wpcf7-form-control-wrap your-message\"><textarea name=\"your-message\" cols=\"40\" rows=\"10\" class=\"wpcf7-form-control wpcf7-textarea wpcf7-validates-as-required\" aria-required=\"true\" aria-invalid=\"false\"><\/textarea><\/span> <\/label><\/p>\n<p><input type=\"submit\" value=\"Senden\" class=\"wpcf7-form-control has-spinner wpcf7-submit\" \/><\/p>\n<div class=\"wpcf7-response-output\" aria-hidden=\"true\"><\/div><\/form><\/div>\n\n\n\n<div class=\"wp-block-nextend-smartslider3\"><\/div>\n","protected":false},"excerpt":{"rendered":"<p>Gerne erfahren wir Ihre genauen Bed\u00fcrfnisse und Anforderungen f\u00fcr Ihren Event in einem pers\u00f6nlichen Gespr\u00e4ch, um Ihnen einen massgeschneiderten Vorschlag zu unterbreiten. Wir freuen uns darauf, Sie kennen zu lernen. Marcel Grether und Team<\/p>\n","protected":false},"author":1,"featured_media":0,"parent":0,"menu_order":0,"comment_status":"closed","ping_status":"open","template":"","meta":[],"_links":{"self":[{"href":"https:\/\/swisspremiumevents.ch\/index.php\/wp-json\/wp\/v2\/pages\/2"}],"collection":[{"href":"https:\/\/swisspremiumevents.ch\/index.php\/wp-json\/wp\/v2\/pages"}],"about":[{"href":"https:\/\/swisspremiumevents.ch\/index.php\/wp-json\/wp\/v2\/types\/page"}],"author":[{"embeddable":true,"href":"https:\/\/swisspremiumevents.ch\/index.php\/wp-json\/wp\/v2\/users\/1"}],"replies":[{"embeddable":true,"href":"https:\/\/swisspremiumevents.ch\/index.php\/wp-json\/wp\/v2\/comments?post=2"}],"version-history":[{"count":11,"href":"https:\/\/swisspremiumevents.ch\/index.php\/wp-json\/wp\/v2\/pages\/2\/revisions"}],"predecessor-version":[{"id":43,"href":"https:\/\/swisspremiumevents.ch\/index.php\/wp-json\/wp\/v2\/pages\/2\/revisions\/43"}],"wp:attachment":[{"href":"https:\/\/swisspremiumevents.ch\/index.php\/wp-json\/wp\/v2\/media?parent=2"}],"curies":[{"name":"wp","href":"https:\/\/api.w.org\/{rel}","templated":true}]}}